{"id":12954,"date":"2024-07-04T08:23:10","date_gmt":"2024-07-04T08:23:10","guid":{"rendered":"https:\/\/paysagisteurbain.com\/?page_id=12954"},"modified":"2025-08-25T17:50:37","modified_gmt":"2025-08-25T17:50:37","slug":"privacy-policy","status":"publish","type":"page","link":"https:\/\/paysagisteurbain.com\/en\/privacy-policy\/","title":{"rendered":"Privacy Policy"},"content":{"rendered":"<div data-elementor-type=\"wp-page\" data-elementor-id=\"12954\" class=\"elementor elementor-12954\">\n\t\t\t\t\t\t<section class=\"elementor-section elementor-top-section elementor-element elementor-element-6d141240 elementor-section-boxed elementor-section-height-default elementor-section-height-default sc_fly_static\" data-id=\"6d141240\" data-element_type=\"section\" data-settings=\"{&quot;background_background&quot;:&quot;classic&quot;}\">\n\t\t\t\t\t\t<div class=\"elementor-container elementor-column-gap-extended\">\n\t\t\t\t\t<div class=\"elementor-column elementor-col-100 elementor-top-column elementor-element elementor-element-3e0325a1 sc_content_align_inherit sc_layouts_column_icons_position_left sc_fly_static\" data-id=\"3e0325a1\" data-element_type=\"column\">\n\t\t\t<div class=\"elementor-widget-wrap elementor-element-populated\">\n\t\t\t\t\t\t<div class=\"elementor-element elementor-element-8d2b544 sc_fly_static elementor-widget elementor-widget-text-editor\" data-id=\"8d2b544\" data-element_type=\"widget\" data-widget_type=\"text-editor.default\">\n\t\t\t\t<div class=\"elementor-widget-container\">\n\t\t\t\t\t\t\t\t\t<p data-start=\"271\" data-end=\"306\"><strong data-start=\"271\" data-end=\"304\">Last update: 2025-08-25<\/strong><\/p><p data-start=\"308\" data-end=\"629\">At Paysagiste Urbain, we take the protection of your personal information very seriously. This privacy policy explains how we collect, use, and protect your information when you use our urban landscaping services or visit our website.<\/p>\t\t\t\t\t\t\t\t<\/div>\n\t\t\t\t<\/div>\n\t\t\t\t<div class=\"elementor-element elementor-element-9b5cda6 sc_fly_static elementor-widget elementor-widget-spacer\" data-id=\"9b5cda6\" data-element_type=\"widget\" data-widget_type=\"spacer.default\">\n\t\t\t\t<div class=\"elementor-widget-container\">\n\t\t\t\t\t\t\t<div class=\"elementor-spacer\">\n\t\t\t<div class=\"elementor-spacer-inner\"><\/div>\n\t\t<\/div>\n\t\t\t\t\t\t<\/div>\n\t\t\t\t<\/div>\n\t\t\t\t<div class=\"elementor-element elementor-element-05ed15a sc_fly_static elementor-widget elementor-widget-text-editor\" data-id=\"05ed15a\" data-element_type=\"widget\" data-widget_type=\"text-editor.default\">\n\t\t\t\t<div class=\"elementor-widget-container\">\n\t\t\t\t\t\t\t\t\t<h5>1. Information collected<\/h5><p data-start=\"664\" data-end=\"718\">We may collect the following information:<\/p><ul data-start=\"719\" data-end=\"981\"><li data-start=\"719\" data-end=\"805\"><p data-start=\"721\" data-end=\"805\">Name, address, phone number, and email address when you contact us.<\/p><\/li><li data-start=\"806\" data-end=\"897\"><p data-start=\"808\" data-end=\"897\">Information related to your project (e.g., photos of the site, design preferences).<\/p><\/li><li data-start=\"898\" data-end=\"981\"><p data-start=\"900\" data-end=\"981\">Basic browsing data on our website (via cookies or analytics tools).<\/p><\/li><\/ul>\t\t\t\t\t\t\t\t<\/div>\n\t\t\t\t<\/div>\n\t\t\t\t\t<\/div>\n\t\t<\/div>\n\t\t\t\t\t<\/div>\n\t\t<\/section>\n\t\t\t\t<section class=\"elementor-section elementor-top-section elementor-element elementor-element-f2fe8cf elementor-section-boxed elementor-section-height-default elementor-section-height-default sc_fly_static\" data-id=\"f2fe8cf\" data-element_type=\"section\">\n\t\t\t\t\t\t<div class=\"elementor-container elementor-column-gap-extended\">\n\t\t\t\t\t<div class=\"elementor-column elementor-col-100 elementor-top-column elementor-element elementor-element-23ef59c7 sc_content_align_inherit sc_layouts_column_icons_position_left sc_fly_static\" data-id=\"23ef59c7\" data-element_type=\"column\">\n\t\t\t<div class=\"elementor-widget-wrap elementor-element-populated\">\n\t\t\t\t\t\t<div class=\"elementor-element elementor-element-3c9408a1 sc_fly_static elementor-widget elementor-widget-spacer\" data-id=\"3c9408a1\" data-element_type=\"widget\" data-widget_type=\"spacer.default\">\n\t\t\t\t<div class=\"elementor-widget-container\">\n\t\t\t\t\t\t\t<div class=\"elementor-spacer\">\n\t\t\t<div class=\"elementor-spacer-inner\"><\/div>\n\t\t<\/div>\n\t\t\t\t\t\t<\/div>\n\t\t\t\t<\/div>\n\t\t\t\t\t<\/div>\n\t\t<\/div>\n\t\t\t\t\t<\/div>\n\t\t<\/section>\n\t\t\t\t<section class=\"elementor-section elementor-top-section elementor-element elementor-element-3bd1db47 elementor-section-boxed elementor-section-height-default elementor-section-height-default sc_fly_static\" data-id=\"3bd1db47\" data-element_type=\"section\" data-settings=\"{&quot;background_background&quot;:&quot;classic&quot;}\">\n\t\t\t\t\t\t<div class=\"elementor-container elementor-column-gap-extended\">\n\t\t\t\t\t<div class=\"elementor-column elementor-col-100 elementor-top-column elementor-element elementor-element-39266456 sc_content_align_inherit sc_layouts_column_icons_position_left sc_fly_static\" data-id=\"39266456\" data-element_type=\"column\">\n\t\t\t<div class=\"elementor-widget-wrap elementor-element-populated\">\n\t\t\t\t\t\t<div class=\"elementor-element elementor-element-20435880 sc_fly_static elementor-widget elementor-widget-text-editor\" data-id=\"20435880\" data-element_type=\"widget\" data-widget_type=\"text-editor.default\">\n\t\t\t\t<div class=\"elementor-widget-container\">\n\t\t\t\t\t\t\t\t\t<h5>2. Use of Information<\/h5><p data-start=\"1022\" data-end=\"1063\">Your information will only be used to:<\/p><ul data-start=\"1064\" data-end=\"1237\"><li data-start=\"1064\" data-end=\"1114\"><p data-start=\"1066\" data-end=\"1114\">To communicate with you about our services.<\/p><\/li><li data-start=\"1115\" data-end=\"1174\"><p data-start=\"1117\" data-end=\"1174\">Prepare estimates, contracts, and project follow-ups.<\/p><\/li><li data-start=\"1175\" data-end=\"1237\"><p data-start=\"1177\" data-end=\"1237\">Improve our services and the experience on our website.<\/p><\/li><\/ul><h5 data-start=\"1239\" data-end=\"1271\">3. Sharing information<\/h5><p data-start=\"1272\" data-end=\"1381\">We do not sell or rent your personal information. Your data may only be shared:<\/p><ul data-start=\"1382\" data-end=\"1499\"><li data-start=\"1382\" data-end=\"1470\"><p data-start=\"1384\" data-end=\"1470\">With partners or subcontractors necessary for the completion of your project.<\/p><\/li><li data-start=\"1471\" data-end=\"1499\"><p data-start=\"1473\" data-end=\"1499\">If the law requires us to do so.<\/p><\/li><\/ul><h5 data-start=\"1501\" data-end=\"1533\">4. Data retention<\/h5><p data-start=\"1534\" data-end=\"1665\">We retain your information for as long as necessary to provide our services and comply with our legal obligations.<\/p><h5 data-start=\"1667\" data-end=\"1695\">5. Data security<\/h5><h6 data-start=\"1696\" data-end=\"1837\">We take reasonable steps to protect your personal information from loss, theft, or unauthorized access.<\/h6><h5 data-start=\"1839\" data-end=\"1857\">6. Your rights<\/h5><p data-start=\"1858\" data-end=\"1887\">You can at any time:<\/p><ul data-start=\"1888\" data-end=\"2027\"><li data-start=\"1888\" data-end=\"1957\"><p data-start=\"1890\" data-end=\"1957\">Request access to, correction, or deletion of your data.<\/p><\/li><li data-start=\"1958\" data-end=\"2027\"><p data-start=\"1960\" data-end=\"2027\">Withdraw your consent to the use of your information.<\/p><\/li><\/ul><p>\u00a0<\/p><h5 data-start=\"2029\" data-end=\"2044\">7. Contact<\/h5><p data-start=\"2045\" data-end=\"2236\">If you have any questions about this policy or your personal information, you can write to us at:<br data-start=\"2159\" data-end=\"2162\" \/>\ud83d\udce7 info@paysagisteurbain.com<\/p>\t\t\t\t\t\t\t\t<\/div>\n\t\t\t\t<\/div>\n\t\t\t\t\t<\/div>\n\t\t<\/div>\n\t\t\t\t\t<\/div>\n\t\t<\/section>\n\t\t\t\t<section class=\"elementor-section elementor-top-section elementor-element elementor-element-42d7a662 elementor-section-boxed elementor-section-height-default elementor-section-height-default sc_fly_static\" data-id=\"42d7a662\" data-element_type=\"section\">\n\t\t\t\t\t\t<div class=\"elementor-container elementor-column-gap-extended\">\n\t\t\t\t\t<div class=\"elementor-column elementor-col-100 elementor-top-column elementor-element elementor-element-42d9c855 sc_content_align_inherit sc_layouts_column_icons_position_left sc_fly_static\" data-id=\"42d9c855\" data-element_type=\"column\">\n\t\t\t<div class=\"elementor-widget-wrap elementor-element-populated\">\n\t\t\t\t\t\t<div class=\"elementor-element elementor-element-328457b1 sc_fly_static elementor-widget elementor-widget-spacer\" data-id=\"328457b1\" data-element_type=\"widget\" data-widget_type=\"spacer.default\">\n\t\t\t\t<div class=\"elementor-widget-container\">\n\t\t\t\t\t\t\t<div class=\"elementor-spacer\">\n\t\t\t<div class=\"elementor-spacer-inner\"><\/div>\n\t\t<\/div>\n\t\t\t\t\t\t<\/div>\n\t\t\t\t<\/div>\n\t\t\t\t\t<\/div>\n\t\t<\/div>\n\t\t\t\t\t<\/div>\n\t\t<\/section>\n\t\t\t\t<\/div>","protected":false},"excerpt":{"rendered":"<p>Derni\u00e8re mise \u00e0 jour : 2025-08-25 Chez Paysagiste Urbain, nous accordons une grande importance \u00e0 la protection de vos renseignements personnels. La pr\u00e9sente politique de confidentialit\u00e9 explique comment nous recueillons,&hellip;<\/p>","protected":false},"author":1,"featured_media":0,"parent":0,"menu_order":0,"comment_status":"closed","ping_status":"closed","template":"","meta":{"footnotes":""},"class_list":["post-12954","page","type-page","status-publish","hentry"],"aioseo_notices":[],"_hostinger_reach_plugin_has_subscription_block":false,"_hostinger_reach_plugin_is_elementor":false,"_links":{"self":[{"href":"https:\/\/paysagisteurbain.com\/en\/wp-json\/wp\/v2\/pages\/12954","targetHints":{"allow":["GET"]}}],"collection":[{"href":"https:\/\/paysagisteurbain.com\/en\/wp-json\/wp\/v2\/pages"}],"about":[{"href":"https:\/\/paysagisteurbain.com\/en\/wp-json\/wp\/v2\/types\/page"}],"author":[{"embeddable":true,"href":"https:\/\/paysagisteurbain.com\/en\/wp-json\/wp\/v2\/users\/1"}],"replies":[{"embeddable":true,"href":"https:\/\/paysagisteurbain.com\/en\/wp-json\/wp\/v2\/comments?post=12954"}],"version-history":[{"count":12,"href":"https:\/\/paysagisteurbain.com\/en\/wp-json\/wp\/v2\/pages\/12954\/revisions"}],"predecessor-version":[{"id":58827,"href":"https:\/\/paysagisteurbain.com\/en\/wp-json\/wp\/v2\/pages\/12954\/revisions\/58827"}],"wp:attachment":[{"href":"https:\/\/paysagisteurbain.com\/en\/wp-json\/wp\/v2\/media?parent=12954"}],"curies":[{"name":"wp","href":"https:\/\/api.w.org\/{rel}","templated":true}]}}